{"id":3,"date":"2019-12-22T09:56:49","date_gmt":"2019-12-22T08:56:49","guid":{"rendered":"http:\/\/wildmc.de\/?page_id=3"},"modified":"2019-12-28T11:48:45","modified_gmt":"2019-12-28T11:48:45","slug":"datenschutzerklaerung","status":"publish","type":"page","link":"https:\/\/wildmc.de\/?page_id=3","title":{"rendered":"Datenschutzerkl\u00e4rung"},"content":{"rendered":"\n<h4 class=\"wp-block-heading\">Geltungsbereich<\/h4>\n\n\n\n<p>Diese Datenschutzerkl\u00e4rung kl\u00e4rt Nutzer \u00fcber die Art, den Umfang und Zwecke der Erhebung und Verwendung<br> personenbezogener Daten durch den verantwortlichen Anbieter Dr. Raoul G. Wild, raoul.wild@wildmc.de,<br>+49 (0) 172 289 1860 auf dieser Website (im folgenden \u201eAngebot\u201d) auf. Die rechtlichen Grundlagen des Datenschutzes<br> finden sich im Bundesdatenschutzgesetz (BDSG) und dem Telemediengesetz (TMG).<\/p>\n\n\n\n<h4 class=\"wp-block-heading\">Haftungsausschluss (Disclaimer)<\/h4>\n\n\n\n<p>Haftung f\u00fcr Inhalte<br>\nAls Diensteanbieter sind wir gem\u00e4\u00df \u00a7 7 Abs.1 TMG f\u00fcr eigene Inhalte auf diesen\nSeiten nach den allgemeinen<br>\nGesetzen verantwortlich. Nach \u00a7\u00a7 8 bis 10 TMG sind wir als Diensteanbieter\njedoch nicht verpflichtet,<br>\n\u00fcbermittelte oder gespeicherte fremde Informationen zu \u00fcberwachen oder nach\nUmst\u00e4nden zu forschen, die auf<br>\neine rechtswidrige T\u00e4tigkeit hinweisen.<br>\nVerpflichtungen zur Entfernung oder Sperrung der Nutzung von Informationen nach\nden allgemeinen Gesetzen<br>\nbleiben hiervon unber\u00fchrt. Eine diesbez\u00fcgliche Haftung ist jedoch erst ab dem\nZeitpunkt der Kenntnis einer<br>\nkonkreten Rechtsverletzung m\u00f6glich. Bei Bekanntwerden von entsprechenden\nRechtsverletzungen werden wir<br>\ndiese Inhalte umgehend entfernen.<br>\nHaftung f\u00fcr Links<br>\nUnser Angebot enth\u00e4lt Links zu externen Webseiten Dritter, auf deren Inhalte\nwir keinen Einfluss haben.<br>\nDeshalb k\u00f6nnen wir f\u00fcr diese fremden Inhalte auch keine Gew\u00e4hr \u00fcbernehmen. F\u00fcr\ndie Inhalte der verlinkten<br>\nSeiten ist stets der jeweilige Anbieter oder Betreiber der Seiten verantwortlich.\nDie verlinkten Seiten wurden zum<br>\nZeitpunkt der Verlinkung auf m\u00f6gliche Rechtsverst\u00f6\u00dfe \u00fcberpr\u00fcft. Rechtswidrige\nInhalte waren zum Zeitpunkt der<br>\nVerlinkung nicht erkennbar.<br>\nEine permanente inhaltliche Kontrolle der verlinkten Seiten ist jedoch ohne\nkonkrete Anhaltspunkte einer<br>\nRechtsverletzung nicht zumutbar. Bei Bekanntwerden von Rechtsverletzungen\nwerden wir derartige Links<br>\numgehend entfernen.<\/p>\n\n\n\n<h4 class=\"wp-block-heading\">Urheberrecht<\/h4>\n\n\n\n<p>Die durch die Seitenbetreiber erstellten Inhalte und Werke auf diesen Seiten\nunterliegen dem deutschen<br>\nUrheberrecht. Die Vervielf\u00e4ltigung, Bearbeitung, Verbreitung und jede Art der\nVerwertung au\u00dferhalb der<br>\nGrenzen des Urheberrechtes bed\u00fcrfen der schriftlichen Zustimmung des jeweiligen\nAutors bzw. Erstellers.<br>\nDownloads und Kopien dieser Seite sind nur f\u00fcr den privaten, nicht\nkommerziellen Gebrauch gestattet.<br>\nSoweit die Inhalte auf dieser Seite nicht vom Betreiber erstellt wurden, werden\ndie Urheberrechte Dritter<br>\nbeachtet. Insbesondere werden Inhalte Dritter als solche gekennzeichnet.\nSollten Sie trotzdem auf eine<br>\nUrheberrechtsverletzung aufmerksam werden, bitten wir um einen entsprechenden\nHinweis. Bei Bekanntwerden<br>\nvon Rechtsverletzungen werden wir derartige Inhalte umgehend entfernen.<\/p>\n\n\n\n<h4 class=\"wp-block-heading\">Datenschutz<\/h4>\n\n\n\n<p>Die Betreiber dieser Seiten nehmen den Schutz Ihrer pers\u00f6nlichen Daten sehr\nernst. Wir behandeln Ihre<br>\npersonenbezogenen Daten vertraulich und entsprechend der gesetzlichen\nDatenschutzvorschriften sowie dieser<br>\nDatenschutzerkl\u00e4rung.<br>\nDie Nutzung unserer Webseite ist in der Regel ohne Angabe personenbezogener\nDaten m\u00f6glich. Soweit auf<br>\nunseren Seiten personenbezogene Daten (beispielsweise Name, Anschrift oder\nE-Mail-Adressen) erhoben<br>\nwerden, erfolgt dies, soweit m\u00f6glich, stets auf freiwilliger Basis. Diese Daten\nwerden ohne Ihre ausdr\u00fcckliche<br>\nZustimmung nicht an Dritte weitergegeben.<br>\nWir weisen darauf hin, dass die Daten\u00fcbertragung im Internet (z.B. bei der\nKommunikation per E-Mail)<br>\nSicherheitsl\u00fccken aufweisen kann. Ein l\u00fcckenloser Schutz der Daten vor dem\nZugriff durch Dritte ist nicht<br>\nm\u00f6glich.<\/p>\n\n\n\n<h4 class=\"wp-block-heading\">Kontaktformular<\/h4>\n\n\n\n<p>Wenn Sie uns per Kontaktformular Anfragen zukommen lassen, werden Ihre\nAngaben aus dem Anfrageformular<br>\ninklusive der von Ihnen dort angegebenen Kontaktdaten zwecks Bearbeitung der\nAnfrage und f\u00fcr den Fall von<br>\nAnschlussfragen bei uns gespeichert. Diese Daten geben wir nicht ohne Ihre\nEinwilligung weiter.<\/p>\n\n\n\n<h4 class=\"wp-block-heading\">Newsletterdaten<\/h4>\n\n\n\n<p>Wenn Sie den auf der Webseite angebotenen Newsletter beziehen m\u00f6chten,\nben\u00f6tigen wir von Ihnen eine EMail-<br>\nAdresse sowie Informationen, welche uns die \u00dcberpr\u00fcfung gestatten, dass Sie der\nInhaber der<br>\nangegebenen E-Mail-Adresse sind und mit dem Empfang des Newsletters\neinverstanden sind. Weitere Daten<br>\nwerden nicht erhoben. Diese Daten verwenden wir ausschlie\u00dflich f\u00fcr den Versand\nder angeforderten<br>\nInformationen und geben sie nicht an Dritte weiter.<br>\nDie erteilte Einwilligung zur Speicherung der Daten, der E-Mail-Adresse sowie\nderen Nutzung zum Versand des<br>\nNewsletters k\u00f6nnen Sie jederzeit widerrufen, etwa \u00fcber den\n&#8222;Austragen&#8220;-Link im Newsletter.<\/p>\n\n\n\n<h4 class=\"wp-block-heading\">Datenschutzerkl\u00e4rung f\u00fcr die Nutzung von Google Analytics<\/h4>\n\n\n\n<p>Diese Website nutzt Funktionen des Webanalysedienstes Google Analytics.\nAnbieter ist die Google Inc., 1600<br>\nAmphitheatre Parkway Mountain View, CA 94043, USA.<br>\nGoogle Analytics verwendet so genannte &#8222;Cookies&#8220;. Das sind\nTextdateien, die auf Ihrem Computer gespeichert<br>\nwerden und die eine Analyse der Benutzung der Website durch Sie erm\u00f6glichen.\nDie durch den Cookie<br>\nerzeugten Informationen \u00fcber Ihre Benutzung dieser Website werden in der Regel\nan einen Server von Google<br>\nin den USA \u00fcbertragen und dort gespeichert.<br>\nMehr Informationen zum Umgang mit Nutzerdaten bei Google Analytics finden Sie\nin der Datenschutzerkl\u00e4rung<br>\nvon Google: https:\/\/support.google.com\/analytics\/answer\/6004245?hl=de<\/p>\n\n\n\n<h4 class=\"wp-block-heading\">Browser Plugin<\/h4>\n\n\n\n<p>Sie k\u00f6nnen die Speicherung der Cookies durch eine entsprechende Einstellung\nIhrer Browser-Software<br>\nverhindern; wir weisen Sie jedoch darauf hin, dass Sie in diesem Fall\ngegebenenfalls nicht s\u00e4mtliche Funktionen<br>\ndieser Website vollumf\u00e4nglich werden nutzen k\u00f6nnen. Sie k\u00f6nnen dar\u00fcber hinaus\ndie Erfassung der durch den<br>\nCookie erzeugten und auf Ihre Nutzung der Website bezogenen Daten (inkl. Ihrer\nIP-Adresse) an Google sowie<br>\ndie Verarbeitung dieser Daten durch Google verhindern, indem Sie das unter dem\nfolgenden Link verf\u00fcgbare<br>\nBrowser-Plugin herunterladen und installieren: https:\/\/tools.google.com\/dlpage\/gaoptout?hl=de<\/p>\n\n\n\n<h4 class=\"wp-block-heading\">Widerspruch gegen Datenerfassung<\/h4>\n\n\n\n<p>Sie k\u00f6nnen die Erfassung Ihrer Daten durch Google Analytics verhindern,\nindem Sie auf folgenden Link klicken.<br>\nEs wird ein Opt-Out-Cookie gesetzt, der die Erfassung Ihrer Daten bei zuk\u00fcnftigen\nBesuchen dieser Website<br>\nverhindert: Google Analytics deaktivieren<\/p>\n\n\n\n<h4 class=\"wp-block-heading\">Auftragsdatenverarbeitung<\/h4>\n\n\n\n<p>Wir haben mit Google einen Vertrag zur Auftragsdatenverarbeitung\nabgeschlossen und setzen die strengen<br>\nVorgaben der deutschen Datenschutzbeh\u00f6rden bei der Nutzung von Google Analytics\nvollst\u00e4ndig um.<\/p>\n\n\n\n<h4 class=\"wp-block-heading\">IP-Anonymisierung<\/h4>\n\n\n\n<p>Wir nutzen die Funktion &#8222;Aktivierung der IP-Anonymisierung&#8220; auf\ndieser Webseite. Dadurch wird Ihre IP-Adresse<br>\nvon Google jedoch innerhalb von Mitgliedstaaten der Europ\u00e4ischen Union oder in\nanderen Vertragsstaaten des<br>\nAbkommens \u00fcber den Europ\u00e4ischen Wirtschaftsraum zuvor gek\u00fcrzt. Nur in\nAusnahmef\u00e4llen wird die volle IPAdresse<br>\nan einen Server von Google in den USA \u00fcbertragen und dort gek\u00fcrzt. Im Auftrag\ndes Betreibers dieser<br>\nWebsite wird Google diese Informationen benutzen, um Ihre Nutzung der Website\nauszuwerten, um Reports<br>\n\u00fcber die Websiteaktivit\u00e4ten zusammenzustellen und um weitere mit der\nWebsitenutzung und der Internetnutzung<br>\nverbundene Dienstleistungen gegen\u00fcber dem Websitebetreiber zu erbringen. Die im\nRahmen von Google<br>\nAnalytics von Ihrem Browser \u00fcbermittelte IP-Adresse wird nicht mit anderen\nDaten von Google<br>\nzusammengef\u00fchrt.<\/p>\n\n\n\n<h4 class=\"wp-block-heading\">Datenschutzerkl\u00e4rung f\u00fcr die Nutzung von etracker<\/h4>\n\n\n\n<p>Unsere Webseite nutzt (aktuell: keine Nutzung!) den Analysedienst etracker.\nAnbieter ist die etracker GmbH, Erste Brunnenstra\u00dfe 1,<br>\n20459 Hamburg Germany. Aus den Daten k\u00f6nnen unter einem Pseudonym\nNutzungsprofile erstellt werden.<br>\nDazu k\u00f6nnen Cookies eingesetzt werden. Bei Cookies handelt es sich um kleine\nTextdateien, die lokal im<br>\nZwischenspeicher Ihres Internet-Browsers gespeichert werden. Die Cookies\nerm\u00f6glichen es, Ihren Browser<br>\nwieder zu erkennen. Die mit den etracker-Technologien erhobenen Daten werden\nohne die gesondert erteilte<br>\nZustimmung des Betroffenen nicht genutzt, Besucher unserer Website pers\u00f6nlich\nzu identifizieren und werden<br>\nnicht mit personenbezogenen Daten \u00fcber den Tr\u00e4ger des Pseudonyms\nzusammengef\u00fchrt.<br>\nDer Datenerhebung und -speicherung k\u00f6nnen Sie jederzeit mit Wirkung f\u00fcr die\nZukunft widersprechen. Um einer<br>\nDatenerhebung und -speicherung Ihrer Besucherdaten f\u00fcr die Zukunft zu\nwidersprechen, k\u00f6nnen Sie unter<br>\nnachfolgendem Link ein Opt-Out-Cookie von etracker beziehen, dieser bewirkt,\ndass zuk\u00fcnftig keine<br>\nBesucherdaten Ihres Browsers bei etracker erhoben und gespeichert werden:<br>\nhttps:\/\/www.etracker.de\/privacy?et=V23Jbb<br>\nDadurch wird ein Opt-Out-Cookie mit dem Namen &#8222;cntcookie&#8220; von\netracker gesetzt. Bitte l\u00f6schen Sie diesen<br>\nCookie nicht, solange Sie Ihren Widerspruch aufrecht erhalten m\u00f6chten. Weitere\nInformationen finden Sie in den<br>\nDatenschutzbestimmungen von etracker:\nhttps:\/\/www.etracker.com\/de\/datenschutz.html<\/p>\n\n\n\n<h4 class=\"wp-block-heading\">Datenschutzerkl\u00e4rung f\u00fcr die Nutzung von Piwik<\/h4>\n\n\n\n<p>Diese Website benutzt (aktuell: keine Nutzung!) den Open Source\nWebanalysedienst Piwik. Piwik verwendet so genannte &#8222;Cookies&#8220;. Das<br>\nsind Textdateien, die auf Ihrem Computer gespeichert werden und die eine\nAnalyse der Benutzung der Website<br>\ndurch Sie erm\u00f6glichen. Dazu werden die durch den Cookie erzeugten Informationen\n\u00fcber die Benutzung dieser<br>\nWebsite auf unserem Server gespeichert. Die IP-Adresse wird vor der Speicherung\nanonymisiert.<br>\nDie durch den Cookie erzeugten Informationen \u00fcber die Benutzung dieser Website\nwerden nicht an Dritte<br>\nweitergegeben. Sie k\u00f6nnen die Speicherung der Cookies durch eine entsprechende\nEinstellung Ihrer Browser-<br>\nSoftware verhindern; wir weisen Sie jedoch darauf hin, dass Sie in diesem Fall\ngegebenenfalls nicht s\u00e4mtliche<br>\nFunktionen dieser Website vollumf\u00e4nglich werden nutzen k\u00f6nnen.<br>\nWenn Sie mit der Speicherung und Nutzung Ihrer Daten nicht einverstanden sind,\nk\u00f6nnen Sie die Speicherung<br>\nund Nutzung hier deaktivieren. In diesem Fall wird in Ihrem Browser ein\nOpt-Out-Cookie hinterlegt der<br>\nverhindert, dass Piwik Nutzungsdaten speichert. Wenn Sie Ihre Cookies l\u00f6schen\nhat dies zur Folge, dass auch<br>\ndas Piwik Opt-Out-Cookie gel\u00f6scht wird. Das Opt-Out muss bei einem erneuten\nBesuch unserer Seite wieder<br>\naktiviert werden.<\/p>\n\n\n\n<h4 class=\"wp-block-heading\">Datenschutzerkl\u00e4rung f\u00fcr die Nutzung von Facebook-Plugins (Like-<br>\nButton)<\/h4>\n\n\n\n<p>Auf unseren Seiten sind Plugins des sozialen Netzwerks Facebook, Anbieter\nFacebook Inc., 1 Hacker Way,<br>\nMenlo Park, California 94025, USA, integriert (aktuell: keine Nutzung!). Die\nFacebook-Plugins erkennen Sie an dem Facebook-Logo oder<br>\ndem &#8222;Like-Button&#8220; (&#8222;Gef\u00e4llt mir&#8220;) auf unserer Seite. Eine\n\u00dcbersicht \u00fcber die Facebook-Plugins finden Sie hier:<br>\nhttps:\/\/developers.facebook.com\/docs\/plugins\/.<br>\nWenn Sie unsere Seiten besuchen, wird \u00fcber das Plugin eine direkte Verbindung\nzwischen Ihrem Browser und<br>\ndem Facebook-Server hergestellt. Facebook erh\u00e4lt dadurch die Information, dass\nSie mit Ihrer IP-Adresse<br>\nunsere Seite besucht haben. Wenn Sie den Facebook &#8222;Like-Button&#8220;\nanklicken w\u00e4hrend Sie in Ihrem Facebook-<br>\nAccount eingeloggt sind, k\u00f6nnen Sie die Inhalte unserer Seiten auf Ihrem\nFacebook-Profil verlinken. Dadurch<br>\nkann Facebook den Besuch unserer Seiten Ihrem Benutzerkonto zuordnen. Wir\nweisen darauf hin, dass wir als<br>\nAnbieter der Seiten keine Kenntnis vom Inhalt der \u00fcbermittelten Daten sowie\nderen Nutzung durch Facebook<br>\nerhalten. Weitere Informationen hierzu finden Sie in der Datenschutzerkl\u00e4rung\nvon Facebook unter<br>\nhttps:\/\/de-de.facebook.com\/policy.php.<br>\nWenn Sie nicht w\u00fcnschen, dass Facebook den Besuch unserer Seiten Ihrem\nFacebook-Nutzerkonto zuordnen<br>\nkann, loggen Sie sich bitte aus Ihrem Facebook-Benutzerkonto aus.<\/p>\n\n\n\n<h4 class=\"wp-block-heading\">Datenschutzerkl\u00e4rung f\u00fcr die Nutzung von Twitter<\/h4>\n\n\n\n<p>Auf unseren Seiten sind Funktionen des Dienstes Twitter eingebunden\n(aktuell: keine Nutzung!). Diese Funktionen werden angeboten<br>\ndurch die Twitter Inc., 1355 Market Street, Suite 900, San Francisco, CA 94103,\nUSA. Durch das Benutzen von<br>\nTwitter und der Funktion &#8222;Re-Tweet&#8220; werden die von Ihnen besuchten\nWebseiten mit Ihrem Twitter-Account<br>\nverkn\u00fcpft und anderen Nutzern bekannt gegeben. Dabei werden auch Daten an\nTwitter \u00fcbertragen. Wir weisen<br>\ndarauf hin, dass wir als Anbieter der Seiten keine Kenntnis vom Inhalt der\n\u00fcbermittelten Daten sowie deren<br>\nNutzung durch Twitter erhalten. Weitere Informationen hierzu finden Sie in der\nDatenschutzerkl\u00e4rung von Twitter<br>\nunter https:\/\/twitter.com\/privacy.<br>\nIhre Datenschutzeinstellungen bei Twitter k\u00f6nnen Sie in den Konto-Einstellungen\nunter:<br>\nhttps:\/\/twitter.com\/account\/settings \u00e4ndern.<\/p>\n\n\n\n<h4 class=\"wp-block-heading\">Datenschutzerkl\u00e4rung f\u00fcr die Nutzung von Instagram<\/h4>\n\n\n\n<p>Auf unseren Seiten sind Funktionen des Dienstes Instagram eingebunden\n(aktuell: keine Nutzung!). Diese Funktionen werden angeboten<br>\ndurch die Instagram Inc., 1601 Willow Road, Menlo Park, CA, 94025, USA\nintegriert. Wenn Sie in Ihrem<br>\nInstagram-Account eingeloggt sind k\u00f6nnen Sie durch Anklicken des\nInstagram-Buttons die Inhalte unserer<br>\nSeiten mit Ihrem Instagram-Profil verlinken. Dadurch kann Instagram den Besuch\nunserer Seiten Ihrem<br>\nBenutzerkonto zuordnen. Wir weisen darauf hin, dass wir als Anbieter der Seiten\nkeine Kenntnis vom Inhalt der<br>\nu?bermittelten Daten sowie deren Nutzung durch Instagram erhalten.<br>\nWeitere Informationen hierzu finden Sie in der Datenschutzerkl\u00e4rung von\nInstagram:<br>\nhttps:\/\/instagram.com\/about\/legal\/privacy\/<\/p>\n\n\n\n<h4 class=\"wp-block-heading\">Kommentarfunktion auf dieser Webseite<\/h4>\n\n\n\n<p>F\u00fcr die Kommentarfunktion auf dieser Seite werden neben Ihrem Kommentar auch\nAngaben zum Zeitpunkt der<br>\nErstellung des Kommentars, Ihre E-Mail-Adresse und, wenn Sie nicht anonym\nposten, der von Ihnen gew\u00e4hlte<br>\nNutzername gespeichert.<\/p>\n\n\n\n<h4 class=\"wp-block-heading\">Auskunft, L\u00f6schung, Sperrung<\/h4>\n\n\n\n<p>Sie haben jederzeit das Recht auf unentgeltliche Auskunft \u00fcber Ihre\ngespeicherten personenbezogenen Daten,<br>\nderen Herkunft und Empf\u00e4nger und den Zweck der Datenverarbeitung sowie ein\nRecht auf Berichtigung,<br>\nSperrung oder L\u00f6schung dieser Daten. Hierzu sowie zu weiteren Fragen zum Thema\npersonenbezogene Daten<br>\nk\u00f6nnen Sie sich jederzeit unter der im Impressum angegebenen Adresse an uns\nwenden.<\/p>\n\n\n\n<h4 class=\"wp-block-heading\">Widerspruch Werbe-Mails<\/h4>\n\n\n\n<p>Der Nutzung von im Rahmen der Impressumspflicht ver\u00f6ffentlichten\nKontaktdaten zur \u00dcbersendung von nicht<br>\nausdr\u00fccklich angeforderter Werbung und Informationsmaterialien wird hiermit\nwidersprochen. Die Betreiber der<br>\nSeiten behalten sich ausdr\u00fccklich rechtliche Schritte im Falle der unverlangten\nZusendung von<br>\nWerbeinformationen, etwa durch Spam-E-Mails, vor.<\/p>\n","protected":false},"excerpt":{"rendered":"<p>Geltungsbereich Diese Datenschutzerkl\u00e4rung kl\u00e4rt Nutzer \u00fcber die Art, den Umfang und Zwecke der Erhebung und Verwendung personenbezogener Daten durch den verantwortlichen Anbieter Dr. Raoul G. Wild,<span class=\"excerpt-hellip\"> [\u2026]<\/span><\/p>\n","protected":false},"author":1,"featured_media":0,"parent":0,"menu_order":0,"comment_status":"closed","ping_status":"open","template":"","meta":{"footnotes":""},"class_list":["post-3","page","type-page","status-publish","hentry"],"_links":{"self":[{"href":"https:\/\/wildmc.de\/index.php?rest_route=\/wp\/v2\/pages\/3","targetHints":{"allow":["GET"]}}],"collection":[{"href":"https:\/\/wildmc.de\/index.php?rest_route=\/wp\/v2\/pages"}],"about":[{"href":"https:\/\/wildmc.de\/index.php?rest_route=\/wp\/v2\/types\/page"}],"author":[{"embeddable":true,"href":"https:\/\/wildmc.de\/index.php?rest_route=\/wp\/v2\/users\/1"}],"replies":[{"embeddable":true,"href":"https:\/\/wildmc.de\/index.php?rest_route=%2Fwp%2Fv2%2Fcomments&post=3"}],"version-history":[{"count":3,"href":"https:\/\/wildmc.de\/index.php?rest_route=\/wp\/v2\/pages\/3\/revisions"}],"predecessor-version":[{"id":236,"href":"https:\/\/wildmc.de\/index.php?rest_route=\/wp\/v2\/pages\/3\/revisions\/236"}],"wp:attachment":[{"href":"https:\/\/wildmc.de\/index.php?rest_route=%2Fwp%2Fv2%2Fmedia&parent=3"}],"curies":[{"name":"wp","href":"https:\/\/api.w.org\/{rel}","templated":true}]}}